{"id":739,"date":"2024-11-10T23:57:45","date_gmt":"2024-11-10T22:57:45","guid":{"rendered":"https:\/\/cancasica.com\/?page_id=739"},"modified":"2024-11-11T02:58:42","modified_gmt":"2024-11-11T01:58:42","slug":"politique-de-confidentialite","status":"publish","type":"page","link":"https:\/\/cancasica.com\/fr\/politica-de-privacitat\/","title":{"rendered":"politique de confidentialit\u00e9"},"content":{"rendered":"<div data-elementor-type=\"wp-page\" data-elementor-id=\"739\" class=\"elementor elementor-739\" data-elementor-post-type=\"page\">\n\t\t\t\t\t\t<section class=\"elementor-section elementor-top-section elementor-element elementor-element-689ece9 elementor-section-boxed elementor-section-height-default elementor-section-height-default\" data-id=\"689ece9\" data-element_type=\"section\" data-e-type=\"section\">\n\t\t\t\t\t\t<div class=\"elementor-container elementor-column-gap-default\">\n\t\t\t\t\t<div class=\"elementor-column elementor-col-100 elementor-top-column elementor-element elementor-element-725a8e4\" data-id=\"725a8e4\" data-element_type=\"column\" data-e-type=\"column\">\n\t\t\t<div class=\"elementor-widget-wrap elementor-element-populated\">\n\t\t\t\t\t\t<div class=\"elementor-element elementor-element-e442591 elementor-widget elementor-widget-text-editor\" data-id=\"e442591\" data-element_type=\"widget\" data-e-type=\"widget\" data-widget_type=\"text-editor.default\">\n\t\t\t\t<div class=\"elementor-widget-container\">\n\t\t\t\t\t\t\t\t\t<div class=\"flex-shrink-0 flex flex-col relative items-end\"><div class=\"pt-0\"><div class=\"gizmo-bot-avatar flex h-8 w-8 items-center justify-center overflow-hidden rounded-full\"><p><strong>1. Responsable du traitement<\/strong><\/p><ul><li><strong>Identit\u00e9 du responsable\u00a0:<\/strong> Can Casica<\/li><li><strong>Contact:<\/strong> info@cancasica.com<\/li><\/ul><p><strong>2. Finalit\u00e9 du traitement des donn\u00e9es<\/strong><\/p><p>Les donn\u00e9es fournies seront trait\u00e9es dans le but de r\u00e9pondre aux demandes, de g\u00e9rer la relation commerciale et d&#039;envoyer des communications informatives ou promotionnelles, \u00e0 condition que l&#039;utilisateur ait donn\u00e9 son consentement.<\/p><p>\u00a0<\/p><p><strong>3. Conservation des donn\u00e9es<\/strong><\/p><p>Les donn\u00e9es seront conserv\u00e9es aussi longtemps qu&#039;elles seront n\u00e9cessaires aux fins pour lesquelles elles ont \u00e9t\u00e9 collect\u00e9es ou pendant les d\u00e9lais l\u00e9gaux \u00e9tablis.<\/p><p><strong>4. L\u00e9gitimation du traitement des donn\u00e9es<\/strong><\/p><p>Le traitement est l\u00e9gitim\u00e9 par le consentement de l&#039;utilisateur, ainsi que par la relation contractuelle ou pr\u00e9contractuelle.<\/p><p><strong>5. Destinataires des donn\u00e9es<\/strong><\/p><p>Les donn\u00e9es ne seront pas c\u00e9d\u00e9es \u00e0 des tiers, sauf obligation l\u00e9gale.<\/p><p><strong>6. Droits des utilisateurs<\/strong><\/p><p>L&#039;utilisateur dispose d&#039;un droit d&#039;acc\u00e8s, de rectification, de suppression, d&#039;opposition, de limitation du traitement et de demander la portabilit\u00e9 de ses donn\u00e9es. Vous pouvez exercer ces droits en envoyant un email \u00e0 info@cancasica.com.<\/p><\/div><\/div><\/div>\t\t\t\t\t\t\t\t<\/div>\n\t\t\t\t<\/div>\n\t\t\t\t\t<\/div>\n\t\t<\/div>\n\t\t\t\t\t<\/div>\n\t\t<\/section>\n\t\t\t\t<\/div>","protected":false},"excerpt":{"rendered":"<p>1. Responsable del tractament Identitat del Responsable: Can Casica Contacte: info@cancasica.com 2. Finalitat del tractament de dades Les dades facilitades seran tractades amb la finalitat de respondre consultes, gestionar la relaci\u00f3 comercial, i enviar comunicacions informatives o promocionals, sempre que l\u2019usuari hagi donat el seu consentiment. \u00a0 3. Conservaci\u00f3 de les dades Les dades es [&hellip;]<\/p>\n","protected":false},"author":2,"featured_media":0,"parent":0,"menu_order":0,"comment_status":"closed","ping_status":"closed","template":"","meta":{"footnotes":""},"class_list":["post-739","page","type-page","status-publish","hentry"],"yoast_head":"<!-- This site is optimized with the Yoast SEO plugin v27.5 - https:\/\/yoast.com\/product\/yoast-seo-wordpress\/ -->\n<title>Pol\u00edtica de Privacitat - Can Casica<\/title>\n<meta name=\"robots\" content=\"index, follow, max-snippet:-1, max-image-preview:large, max-video-preview:-1\" \/>\n<link rel=\"canonical\" href=\"https:\/\/cancasica.com\/fr\/politique-de-confidentialite\/\" \/>\n<meta property=\"og:locale\" content=\"fr_FR\" \/>\n<meta property=\"og:type\" content=\"article\" \/>\n<meta property=\"og:title\" content=\"Pol\u00edtica de Privacitat - Can Casica\" \/>\n<meta property=\"og:description\" content=\"1. Responsable del tractament Identitat del Responsable: Can Casica Contacte: info@cancasica.com 2. Finalitat del tractament de dades Les dades facilitades seran tractades amb la finalitat de respondre consultes, gestionar la relaci\u00f3 comercial, i enviar comunicacions informatives o promocionals, sempre que l\u2019usuari hagi donat el seu consentiment. \u00a0 3. Conservaci\u00f3 de les dades Les dades es [&hellip;]\" \/>\n<meta property=\"og:url\" content=\"https:\/\/cancasica.com\/fr\/politique-de-confidentialite\/\" \/>\n<meta property=\"og:site_name\" content=\"Can Casica\" \/>\n<meta property=\"article:modified_time\" content=\"2024-11-11T01:58:42+00:00\" \/>\n<meta name=\"twitter:card\" content=\"summary_large_image\" \/>\n<meta name=\"twitter:label1\" content=\"Dur\u00e9e de lecture estim\u00e9e\" \/>\n\t<meta name=\"twitter:data1\" content=\"1 minute\" \/>\n<script type=\"application\/ld+json\" class=\"yoast-schema-graph\">{\"@context\":\"https:\\\/\\\/schema.org\",\"@graph\":[{\"@type\":\"WebPage\",\"@id\":\"https:\\\/\\\/cancasica.com\\\/politica-de-privacitat\\\/\",\"url\":\"https:\\\/\\\/cancasica.com\\\/politica-de-privacitat\\\/\",\"name\":\"Pol\u00edtica de Privacitat - Can Casica\",\"isPartOf\":{\"@id\":\"https:\\\/\\\/cancasica.com\\\/#website\"},\"datePublished\":\"2024-11-10T22:57:45+00:00\",\"dateModified\":\"2024-11-11T01:58:42+00:00\",\"breadcrumb\":{\"@id\":\"https:\\\/\\\/cancasica.com\\\/politica-de-privacitat\\\/#breadcrumb\"},\"inLanguage\":\"fr-FR\",\"potentialAction\":[{\"@type\":\"ReadAction\",\"target\":[\"https:\\\/\\\/cancasica.com\\\/politica-de-privacitat\\\/\"]}]},{\"@type\":\"BreadcrumbList\",\"@id\":\"https:\\\/\\\/cancasica.com\\\/politica-de-privacitat\\\/#breadcrumb\",\"itemListElement\":[{\"@type\":\"ListItem\",\"position\":1,\"name\":\"Portada\",\"item\":\"https:\\\/\\\/cancasica.com\\\/\"},{\"@type\":\"ListItem\",\"position\":2,\"name\":\"Pol\u00edtica de Privacitat\"}]},{\"@type\":\"WebSite\",\"@id\":\"https:\\\/\\\/cancasica.com\\\/#website\",\"url\":\"https:\\\/\\\/cancasica.com\\\/\",\"name\":\"Can Casica\",\"description\":\"Comprar gossos i cadells\",\"publisher\":{\"@id\":\"https:\\\/\\\/cancasica.com\\\/#organization\"},\"potentialAction\":[{\"@type\":\"SearchAction\",\"target\":{\"@type\":\"EntryPoint\",\"urlTemplate\":\"https:\\\/\\\/cancasica.com\\\/?s={search_term_string}\"},\"query-input\":{\"@type\":\"PropertyValueSpecification\",\"valueRequired\":true,\"valueName\":\"search_term_string\"}}],\"inLanguage\":\"fr-FR\"},{\"@type\":\"Organization\",\"@id\":\"https:\\\/\\\/cancasica.com\\\/#organization\",\"name\":\"Can Casica\",\"url\":\"https:\\\/\\\/cancasica.com\\\/\",\"logo\":{\"@type\":\"ImageObject\",\"inLanguage\":\"fr-FR\",\"@id\":\"https:\\\/\\\/cancasica.com\\\/#\\\/schema\\\/logo\\\/image\\\/\",\"url\":\"https:\\\/\\\/cancasica.com\\\/wp-content\\\/uploads\\\/2024\\\/09\\\/logo-can-casica.webp\",\"contentUrl\":\"https:\\\/\\\/cancasica.com\\\/wp-content\\\/uploads\\\/2024\\\/09\\\/logo-can-casica.webp\",\"width\":512,\"height\":512,\"caption\":\"Can Casica\"},\"image\":{\"@id\":\"https:\\\/\\\/cancasica.com\\\/#\\\/schema\\\/logo\\\/image\\\/\"}}]}<\/script>\n<!-- \/ Yoast SEO plugin. -->","yoast_head_json":{"title":"Politique de confidentialit\u00e9 - Can Casica","robots":{"index":"index","follow":"follow","max-snippet":"max-snippet:-1","max-image-preview":"max-image-preview:large","max-video-preview":"max-video-preview:-1"},"canonical":"https:\/\/cancasica.com\/fr\/politique-de-confidentialite\/","og_locale":"fr_FR","og_type":"article","og_title":"Pol\u00edtica de Privacitat - Can Casica","og_description":"1. Responsable del tractament Identitat del Responsable: Can Casica Contacte: info@cancasica.com 2. Finalitat del tractament de dades Les dades facilitades seran tractades amb la finalitat de respondre consultes, gestionar la relaci\u00f3 comercial, i enviar comunicacions informatives o promocionals, sempre que l\u2019usuari hagi donat el seu consentiment. \u00a0 3. Conservaci\u00f3 de les dades Les dades es [&hellip;]","og_url":"https:\/\/cancasica.com\/fr\/politique-de-confidentialite\/","og_site_name":"Can Casica","article_modified_time":"2024-11-11T01:58:42+00:00","twitter_card":"summary_large_image","twitter_misc":{"Dur\u00e9e de lecture estim\u00e9e":"1 minute"},"schema":{"@context":"https:\/\/schema.org","@graph":[{"@type":"WebPage","@id":"https:\/\/cancasica.com\/politica-de-privacitat\/","url":"https:\/\/cancasica.com\/politica-de-privacitat\/","name":"Politique de confidentialit\u00e9 - Can Casica","isPartOf":{"@id":"https:\/\/cancasica.com\/#website"},"datePublished":"2024-11-10T22:57:45+00:00","dateModified":"2024-11-11T01:58:42+00:00","breadcrumb":{"@id":"https:\/\/cancasica.com\/politica-de-privacitat\/#breadcrumb"},"inLanguage":"fr-FR","potentialAction":[{"@type":"ReadAction","target":["https:\/\/cancasica.com\/politica-de-privacitat\/"]}]},{"@type":"BreadcrumbList","@id":"https:\/\/cancasica.com\/politica-de-privacitat\/#breadcrumb","itemListElement":[{"@type":"ListItem","position":1,"name":"Portada","item":"https:\/\/cancasica.com\/"},{"@type":"ListItem","position":2,"name":"Pol\u00edtica de Privacitat"}]},{"@type":"WebSite","@id":"https:\/\/cancasica.com\/#website","url":"https:\/\/cancasica.com\/","name":"Can Casica","description":"Acheter des chiens et des chiots","publisher":{"@id":"https:\/\/cancasica.com\/#organization"},"potentialAction":[{"@type":"SearchAction","target":{"@type":"EntryPoint","urlTemplate":"https:\/\/cancasica.com\/?s={search_term_string}"},"query-input":{"@type":"PropertyValueSpecification","valueRequired":true,"valueName":"search_term_string"}}],"inLanguage":"fr-FR"},{"@type":"Organization","@id":"https:\/\/cancasica.com\/#organization","name":"Can Casica","url":"https:\/\/cancasica.com\/","logo":{"@type":"ImageObject","inLanguage":"fr-FR","@id":"https:\/\/cancasica.com\/#\/schema\/logo\/image\/","url":"https:\/\/cancasica.com\/wp-content\/uploads\/2024\/09\/logo-can-casica.webp","contentUrl":"https:\/\/cancasica.com\/wp-content\/uploads\/2024\/09\/logo-can-casica.webp","width":512,"height":512,"caption":"Can Casica"},"image":{"@id":"https:\/\/cancasica.com\/#\/schema\/logo\/image\/"}}]}},"_links":{"self":[{"href":"https:\/\/cancasica.com\/fr\/wp-json\/wp\/v2\/pages\/739","targetHints":{"allow":["GET"]}}],"collection":[{"href":"https:\/\/cancasica.com\/fr\/wp-json\/wp\/v2\/pages"}],"about":[{"href":"https:\/\/cancasica.com\/fr\/wp-json\/wp\/v2\/types\/page"}],"author":[{"embeddable":true,"href":"https:\/\/cancasica.com\/fr\/wp-json\/wp\/v2\/users\/2"}],"replies":[{"embeddable":true,"href":"https:\/\/cancasica.com\/fr\/wp-json\/wp\/v2\/comments?post=739"}],"version-history":[{"count":6,"href":"https:\/\/cancasica.com\/fr\/wp-json\/wp\/v2\/pages\/739\/revisions"}],"predecessor-version":[{"id":746,"href":"https:\/\/cancasica.com\/fr\/wp-json\/wp\/v2\/pages\/739\/revisions\/746"}],"wp:attachment":[{"href":"https:\/\/cancasica.com\/fr\/wp-json\/wp\/v2\/media?parent=739"}],"curies":[{"name":"wp","href":"https:\/\/api.w.org\/{rel}","templated":true}]}}