{"id":731,"date":"2024-11-10T23:56:24","date_gmt":"2024-11-10T22:56:24","guid":{"rendered":"https:\/\/cancasica.com\/?page_id=731"},"modified":"2024-11-10T23:57:37","modified_gmt":"2024-11-10T22:57:37","slug":"mentions-legales","status":"publish","type":"page","link":"https:\/\/cancasica.com\/fr\/avis-legal\/","title":{"rendered":"Mentions l\u00e9gales"},"content":{"rendered":"\t\t<div data-elementor-type=\"wp-page\" data-elementor-id=\"731\" class=\"elementor elementor-731\" data-elementor-post-type=\"page\">\n\t\t\t\t\t\t<section class=\"elementor-section elementor-top-section elementor-element elementor-element-689ece9 elementor-section-boxed elementor-section-height-default elementor-section-height-default\" data-id=\"689ece9\" data-element_type=\"section\" data-e-type=\"section\">\n\t\t\t\t\t\t<div class=\"elementor-container elementor-column-gap-default\">\n\t\t\t\t\t<div class=\"elementor-column elementor-col-100 elementor-top-column elementor-element elementor-element-725a8e4\" data-id=\"725a8e4\" data-element_type=\"column\" data-e-type=\"column\">\n\t\t\t<div class=\"elementor-widget-wrap elementor-element-populated\">\n\t\t\t\t\t\t<div class=\"elementor-element elementor-element-e442591 elementor-widget elementor-widget-text-editor\" data-id=\"e442591\" data-element_type=\"widget\" data-e-type=\"widget\" data-widget_type=\"text-editor.default\">\n\t\t\t\t<div class=\"elementor-widget-container\">\n\t\t\t\t\t\t\t\t\t<div class=\"flex-shrink-0 flex flex-col relative items-end\"><div><div class=\"pt-0\"><div class=\"gizmo-bot-avatar flex h-8 w-8 items-center justify-center overflow-hidden rounded-full\">\u00a0<\/div><\/div><\/div><\/div><div class=\"group\/conversation-turn relative flex w-full min-w-0 flex-col agent-turn\"><div class=\"flex-col gap-1 md:gap-3\"><div class=\"flex max-w-full flex-col flex-grow\"><div class=\"min-h-8 text-message flex w-full flex-col items-end gap-2 whitespace-normal break-words [.text-message+&amp;]:mt-5\" dir=\"auto\" data-message-author-role=\"assistant\" data-message-id=\"24d0faf3-cc34-4123-89a6-f719d16f003d\" data-message-model-slug=\"gpt-4o\"><div class=\"flex w-full flex-col gap-1 empty:hidden first:pt-[3px]\"><div class=\"result-streaming markdown prose w-full break-words dark:prose-invert light\"><p><strong>1. Dades del Responsable<\/strong><\/p><p>En compliment del que disposa la Llei 34\/2002, de l&#8217;11 de juliol, de Serveis de la Societat de la Informaci\u00f3 i Comer\u00e7 Electr\u00f2nic (LSSI-CE), s&#8217;informa que aquesta p\u00e0gina web \u00e9s propietat de:<\/p><ul><li><strong>Nom de l&#8217;empresa:<\/strong> Can Casica<\/li><li><strong>NIF\/CIF:<\/strong> \u00a0<\/li><li><strong>Domicili social:<\/strong> Masia Can casica, GIV-5142, KM 2 17468, 17468 Olives, Girona<\/li><li><strong>Correu electr\u00f2nic:<\/strong> info@cancasica.com<\/li><li><strong>Tel\u00e8fon de contacte:<\/strong> <span aria-label=\"Llamar al n\u00famero de tel\u00e9fono 621 18 13 78\">621 18 13 78<\/span><\/li><\/ul><p>\u00a0<\/p><p><strong>2. Condicions d\u2019\u00fas<\/strong><\/p><p>L&#8217;acc\u00e9s a la web de Can Casica implica l&#8217;acceptaci\u00f3 de les seg\u00fcents condicions d&#8217;\u00fas. L&#8217;usuari es compromet a utilitzar la p\u00e0gina web i tots els seus continguts conforme a la legislaci\u00f3 vigent, a la bona fe i als usos acceptats.<\/p><p><strong>3. Propietat intel\u00b7lectual i industrial<\/strong><\/p><p>Tots els drets de propietat intel\u00b7lectual i industrial del contingut d&#8217;aquesta p\u00e0gina web, incloent-hi dissenys, textos, imatges i logotips, pertanyen a Can Casica o als seus respectius titulars.<\/p><p><strong>4. Responsabilitat<\/strong><\/p><p>Can Casica no es fa responsable dels danys derivats de l\u2019\u00fas incorrecte d\u2019aquesta p\u00e0gina web, ni tampoc de virus o altres elements que puguin causar danys al sistema inform\u00e0tic de l&#8217;usuari.<\/p><p><strong>5. Enlla\u00e7os externs<\/strong><\/p><p>Aquesta p\u00e0gina web pot contenir enlla\u00e7os a p\u00e0gines externes. Can Casica no es fa responsable dels continguts d&#8217;aquestes p\u00e0gines.<\/p><\/div><\/div><\/div><\/div><\/div><\/div>\t\t\t\t\t\t\t\t<\/div>\n\t\t\t\t<\/div>\n\t\t\t\t\t<\/div>\n\t\t<\/div>\n\t\t\t\t\t<\/div>\n\t\t<\/section>\n\t\t\t\t<\/div>\n\t\t","protected":false},"excerpt":{"rendered":"<p>\u00a0 1. Dades del Responsable En compliment del que disposa la Llei 34\/2002, de l&#8217;11 de juliol, de Serveis de la Societat de la Informaci\u00f3 i Comer\u00e7 Electr\u00f2nic (LSSI-CE), s&#8217;informa que aquesta p\u00e0gina web \u00e9s propietat de: Nom de l&#8217;empresa: Can Casica NIF\/CIF: \u00a0 Domicili social: Masia Can casica, GIV-5142, KM 2 17468, 17468 Olives, [&hellip;]<\/p>\n","protected":false},"author":2,"featured_media":0,"parent":0,"menu_order":0,"comment_status":"closed","ping_status":"closed","template":"","meta":{"footnotes":""},"class_list":["post-731","page","type-page","status-publish","hentry"],"yoast_head":"<!-- This site is optimized with the Yoast SEO plugin v27.5 - https:\/\/yoast.com\/product\/yoast-seo-wordpress\/ -->\n<title>Av\u00eds Legal - Can Casica<\/title>\n<meta name=\"robots\" content=\"index, follow, max-snippet:-1, max-image-preview:large, max-video-preview:-1\" \/>\n<link rel=\"canonical\" href=\"https:\/\/cancasica.com\/fr\/mentions-legales\/\" \/>\n<meta property=\"og:locale\" content=\"fr_FR\" \/>\n<meta property=\"og:type\" content=\"article\" \/>\n<meta property=\"og:title\" content=\"Av\u00eds Legal - Can Casica\" \/>\n<meta property=\"og:description\" content=\"\u00a0 1. Dades del Responsable En compliment del que disposa la Llei 34\/2002, de l&#8217;11 de juliol, de Serveis de la Societat de la Informaci\u00f3 i Comer\u00e7 Electr\u00f2nic (LSSI-CE), s&#8217;informa que aquesta p\u00e0gina web \u00e9s propietat de: Nom de l&#8217;empresa: Can Casica NIF\/CIF: \u00a0 Domicili social: Masia Can casica, GIV-5142, KM 2 17468, 17468 Olives, [&hellip;]\" \/>\n<meta property=\"og:url\" content=\"https:\/\/cancasica.com\/fr\/mentions-legales\/\" \/>\n<meta property=\"og:site_name\" content=\"Can Casica\" \/>\n<meta property=\"article:modified_time\" content=\"2024-11-10T22:57:37+00:00\" \/>\n<meta name=\"twitter:card\" content=\"summary_large_image\" \/>\n<meta name=\"twitter:label1\" content=\"Dur\u00e9e de lecture estim\u00e9e\" \/>\n\t<meta name=\"twitter:data1\" content=\"1 minute\" \/>\n<script type=\"application\/ld+json\" class=\"yoast-schema-graph\">{\"@context\":\"https:\\\/\\\/schema.org\",\"@graph\":[{\"@type\":\"WebPage\",\"@id\":\"https:\\\/\\\/cancasica.com\\\/avis-legal\\\/\",\"url\":\"https:\\\/\\\/cancasica.com\\\/avis-legal\\\/\",\"name\":\"Av\u00eds Legal - Can Casica\",\"isPartOf\":{\"@id\":\"https:\\\/\\\/cancasica.com\\\/#website\"},\"datePublished\":\"2024-11-10T22:56:24+00:00\",\"dateModified\":\"2024-11-10T22:57:37+00:00\",\"breadcrumb\":{\"@id\":\"https:\\\/\\\/cancasica.com\\\/avis-legal\\\/#breadcrumb\"},\"inLanguage\":\"fr-FR\",\"potentialAction\":[{\"@type\":\"ReadAction\",\"target\":[\"https:\\\/\\\/cancasica.com\\\/avis-legal\\\/\"]}]},{\"@type\":\"BreadcrumbList\",\"@id\":\"https:\\\/\\\/cancasica.com\\\/avis-legal\\\/#breadcrumb\",\"itemListElement\":[{\"@type\":\"ListItem\",\"position\":1,\"name\":\"Portada\",\"item\":\"https:\\\/\\\/cancasica.com\\\/\"},{\"@type\":\"ListItem\",\"position\":2,\"name\":\"Av\u00eds Legal\"}]},{\"@type\":\"WebSite\",\"@id\":\"https:\\\/\\\/cancasica.com\\\/#website\",\"url\":\"https:\\\/\\\/cancasica.com\\\/\",\"name\":\"Can Casica\",\"description\":\"Comprar gossos i cadells\",\"publisher\":{\"@id\":\"https:\\\/\\\/cancasica.com\\\/#organization\"},\"potentialAction\":[{\"@type\":\"SearchAction\",\"target\":{\"@type\":\"EntryPoint\",\"urlTemplate\":\"https:\\\/\\\/cancasica.com\\\/?s={search_term_string}\"},\"query-input\":{\"@type\":\"PropertyValueSpecification\",\"valueRequired\":true,\"valueName\":\"search_term_string\"}}],\"inLanguage\":\"fr-FR\"},{\"@type\":\"Organization\",\"@id\":\"https:\\\/\\\/cancasica.com\\\/#organization\",\"name\":\"Can Casica\",\"url\":\"https:\\\/\\\/cancasica.com\\\/\",\"logo\":{\"@type\":\"ImageObject\",\"inLanguage\":\"fr-FR\",\"@id\":\"https:\\\/\\\/cancasica.com\\\/#\\\/schema\\\/logo\\\/image\\\/\",\"url\":\"https:\\\/\\\/cancasica.com\\\/wp-content\\\/uploads\\\/2024\\\/09\\\/logo-can-casica.webp\",\"contentUrl\":\"https:\\\/\\\/cancasica.com\\\/wp-content\\\/uploads\\\/2024\\\/09\\\/logo-can-casica.webp\",\"width\":512,\"height\":512,\"caption\":\"Can Casica\"},\"image\":{\"@id\":\"https:\\\/\\\/cancasica.com\\\/#\\\/schema\\\/logo\\\/image\\\/\"}}]}<\/script>\n<!-- \/ Yoast SEO plugin. -->","yoast_head_json":{"title":"Mentions l\u00e9gales - Can Casica","robots":{"index":"index","follow":"follow","max-snippet":"max-snippet:-1","max-image-preview":"max-image-preview:large","max-video-preview":"max-video-preview:-1"},"canonical":"https:\/\/cancasica.com\/fr\/mentions-legales\/","og_locale":"fr_FR","og_type":"article","og_title":"Av\u00eds Legal - Can Casica","og_description":"\u00a0 1. Dades del Responsable En compliment del que disposa la Llei 34\/2002, de l&#8217;11 de juliol, de Serveis de la Societat de la Informaci\u00f3 i Comer\u00e7 Electr\u00f2nic (LSSI-CE), s&#8217;informa que aquesta p\u00e0gina web \u00e9s propietat de: Nom de l&#8217;empresa: Can Casica NIF\/CIF: \u00a0 Domicili social: Masia Can casica, GIV-5142, KM 2 17468, 17468 Olives, [&hellip;]","og_url":"https:\/\/cancasica.com\/fr\/mentions-legales\/","og_site_name":"Can Casica","article_modified_time":"2024-11-10T22:57:37+00:00","twitter_card":"summary_large_image","twitter_misc":{"Dur\u00e9e de lecture estim\u00e9e":"1 minute"},"schema":{"@context":"https:\/\/schema.org","@graph":[{"@type":"WebPage","@id":"https:\/\/cancasica.com\/avis-legal\/","url":"https:\/\/cancasica.com\/avis-legal\/","name":"Mentions l\u00e9gales - Can Casica","isPartOf":{"@id":"https:\/\/cancasica.com\/#website"},"datePublished":"2024-11-10T22:56:24+00:00","dateModified":"2024-11-10T22:57:37+00:00","breadcrumb":{"@id":"https:\/\/cancasica.com\/avis-legal\/#breadcrumb"},"inLanguage":"fr-FR","potentialAction":[{"@type":"ReadAction","target":["https:\/\/cancasica.com\/avis-legal\/"]}]},{"@type":"BreadcrumbList","@id":"https:\/\/cancasica.com\/avis-legal\/#breadcrumb","itemListElement":[{"@type":"ListItem","position":1,"name":"Portada","item":"https:\/\/cancasica.com\/"},{"@type":"ListItem","position":2,"name":"Av\u00eds Legal"}]},{"@type":"WebSite","@id":"https:\/\/cancasica.com\/#website","url":"https:\/\/cancasica.com\/","name":"Can Casica","description":"Acheter des chiens et des chiots","publisher":{"@id":"https:\/\/cancasica.com\/#organization"},"potentialAction":[{"@type":"SearchAction","target":{"@type":"EntryPoint","urlTemplate":"https:\/\/cancasica.com\/?s={search_term_string}"},"query-input":{"@type":"PropertyValueSpecification","valueRequired":true,"valueName":"search_term_string"}}],"inLanguage":"fr-FR"},{"@type":"Organization","@id":"https:\/\/cancasica.com\/#organization","name":"Can Casica","url":"https:\/\/cancasica.com\/","logo":{"@type":"ImageObject","inLanguage":"fr-FR","@id":"https:\/\/cancasica.com\/#\/schema\/logo\/image\/","url":"https:\/\/cancasica.com\/wp-content\/uploads\/2024\/09\/logo-can-casica.webp","contentUrl":"https:\/\/cancasica.com\/wp-content\/uploads\/2024\/09\/logo-can-casica.webp","width":512,"height":512,"caption":"Can Casica"},"image":{"@id":"https:\/\/cancasica.com\/#\/schema\/logo\/image\/"}}]}},"_links":{"self":[{"href":"https:\/\/cancasica.com\/fr\/wp-json\/wp\/v2\/pages\/731","targetHints":{"allow":["GET"]}}],"collection":[{"href":"https:\/\/cancasica.com\/fr\/wp-json\/wp\/v2\/pages"}],"about":[{"href":"https:\/\/cancasica.com\/fr\/wp-json\/wp\/v2\/types\/page"}],"author":[{"embeddable":true,"href":"https:\/\/cancasica.com\/fr\/wp-json\/wp\/v2\/users\/2"}],"replies":[{"embeddable":true,"href":"https:\/\/cancasica.com\/fr\/wp-json\/wp\/v2\/comments?post=731"}],"version-history":[{"count":7,"href":"https:\/\/cancasica.com\/fr\/wp-json\/wp\/v2\/pages\/731\/revisions"}],"predecessor-version":[{"id":738,"href":"https:\/\/cancasica.com\/fr\/wp-json\/wp\/v2\/pages\/731\/revisions\/738"}],"wp:attachment":[{"href":"https:\/\/cancasica.com\/fr\/wp-json\/wp\/v2\/media?parent=731"}],"curies":[{"name":"wp","href":"https:\/\/api.w.org\/{rel}","templated":true}]}}