{"id":747,"date":"2024-11-11T00:00:05","date_gmt":"2024-11-10T23:00:05","guid":{"rendered":"https:\/\/cancasica.com\/?page_id=747"},"modified":"2024-11-11T00:00:31","modified_gmt":"2024-11-10T23:00:31","slug":"politica-de-cookies","status":"publish","type":"page","link":"https:\/\/cancasica.com\/es\/politica-de-cookies\/","title":{"rendered":"Pol\u00edtica de Cookies"},"content":{"rendered":"<div data-elementor-type=\"wp-page\" data-elementor-id=\"747\" class=\"elementor elementor-747\" data-elementor-post-type=\"page\">\n\t\t\t\t\t\t<section class=\"elementor-section elementor-top-section elementor-element elementor-element-689ece9 elementor-section-boxed elementor-section-height-default elementor-section-height-default\" data-id=\"689ece9\" data-element_type=\"section\" data-e-type=\"section\">\n\t\t\t\t\t\t<div class=\"elementor-container elementor-column-gap-default\">\n\t\t\t\t\t<div class=\"elementor-column elementor-col-100 elementor-top-column elementor-element elementor-element-725a8e4\" data-id=\"725a8e4\" data-element_type=\"column\" data-e-type=\"column\">\n\t\t\t<div class=\"elementor-widget-wrap elementor-element-populated\">\n\t\t\t\t\t\t<div class=\"elementor-element elementor-element-e442591 elementor-widget elementor-widget-text-editor\" data-id=\"e442591\" data-element_type=\"widget\" data-e-type=\"widget\" data-widget_type=\"text-editor.default\">\n\t\t\t\t<div class=\"elementor-widget-container\">\n\t\t\t\t\t\t\t\t\t<p><strong>1. \u00bfQu\u00e9 son las cookies?<\/strong><\/p><p>Las cookies son peque\u00f1os archivos que se guardan en el dispositivo del usuario y que permiten reconocer su navegador, almacenar y recuperar informaci\u00f3n sobre sus h\u00e1bitos de navegaci\u00f3n.<\/p><p><strong>2. Tipo de cookies utilizadas<\/strong><\/p><p>Esta p\u00e1gina web utiliza:<\/p><ul><li><strong>Cookies t\u00e9cnicas<\/strong>: Necesarias para el funcionamiento de la p\u00e1gina.<\/li><li><strong>Cookies de an\u00e1lisis<\/strong>: Nos permiten analizar el comportamiento de los usuarios y mejorar el servicio.<\/li><li><strong>Cookies publicitarias<\/strong>: Utilizadas para mostrar publicidad personalizada.<\/li><\/ul><p>\u00a0<\/p><p><strong>3. C\u00f3mo modificar la configuraci\u00f3n de las cookies<\/strong><\/p><p>El usuario puede configurar su navegador para aceptar o rechazar las cookies. De desactivar las cookies, algunos servicios de la p\u00e1gina web podr\u00edan no estar disponibles.<\/p><p><strong>4. Aceptaci\u00f3n de la pol\u00edtica de cookies<\/strong><\/p><p>Al navegar por la p\u00e1gina, se entiende que el usuario acepta el uso de cookies seg\u00fan los t\u00e9rminos de esta pol\u00edtica.<\/p>\t\t\t\t\t\t\t\t<\/div>\n\t\t\t\t<\/div>\n\t\t\t\t\t<\/div>\n\t\t<\/div>\n\t\t\t\t\t<\/div>\n\t\t<\/section>\n\t\t\t\t<\/div>","protected":false},"excerpt":{"rendered":"<p>1. Qu\u00e8 s\u00f3n les cookies? Les cookies s\u00f3n petits fitxers que es guarden al dispositiu de l\u2019usuari i que permeten recon\u00e8ixer el seu navegador, emmagatzemar i recuperar informaci\u00f3 sobre els seus h\u00e0bits de navegaci\u00f3. 2. Tipus de cookies utilitzades Aquesta p\u00e0gina web utilitza: Cookies t\u00e8cniques: Necess\u00e0ries per al funcionament de la p\u00e0gina. Cookies d&#8217;an\u00e0lisi: Ens [&hellip;]<\/p>\n","protected":false},"author":2,"featured_media":0,"parent":0,"menu_order":0,"comment_status":"closed","ping_status":"closed","template":"","meta":{"footnotes":""},"class_list":["post-747","page","type-page","status-publish","hentry"],"yoast_head":"<!-- This site is optimized with the Yoast SEO plugin v27.5 - https:\/\/yoast.com\/product\/yoast-seo-wordpress\/ -->\n<title>Pol\u00edtica de Cookies - Can Casica<\/title>\n<meta name=\"robots\" content=\"index, follow, max-snippet:-1, max-image-preview:large, max-video-preview:-1\" \/>\n<link rel=\"canonical\" href=\"https:\/\/cancasica.com\/es\/politica-de-cookies\/\" \/>\n<meta property=\"og:locale\" content=\"es_ES\" \/>\n<meta property=\"og:type\" content=\"article\" \/>\n<meta property=\"og:title\" content=\"Pol\u00edtica de Cookies - Can Casica\" \/>\n<meta property=\"og:description\" content=\"1. Qu\u00e8 s\u00f3n les cookies? Les cookies s\u00f3n petits fitxers que es guarden al dispositiu de l\u2019usuari i que permeten recon\u00e8ixer el seu navegador, emmagatzemar i recuperar informaci\u00f3 sobre els seus h\u00e0bits de navegaci\u00f3. 2. Tipus de cookies utilitzades Aquesta p\u00e0gina web utilitza: Cookies t\u00e8cniques: Necess\u00e0ries per al funcionament de la p\u00e0gina. Cookies d&#8217;an\u00e0lisi: Ens [&hellip;]\" \/>\n<meta property=\"og:url\" content=\"https:\/\/cancasica.com\/es\/politica-de-cookies\/\" \/>\n<meta property=\"og:site_name\" content=\"Can Casica\" \/>\n<meta property=\"article:modified_time\" content=\"2024-11-10T23:00:31+00:00\" \/>\n<meta name=\"twitter:card\" content=\"summary_large_image\" \/>\n<meta name=\"twitter:label1\" content=\"Tiempo de lectura\" \/>\n\t<meta name=\"twitter:data1\" content=\"1 minuto\" \/>\n<script type=\"application\/ld+json\" class=\"yoast-schema-graph\">{\"@context\":\"https:\\\/\\\/schema.org\",\"@graph\":[{\"@type\":\"WebPage\",\"@id\":\"https:\\\/\\\/cancasica.com\\\/politica-de-cookies\\\/\",\"url\":\"https:\\\/\\\/cancasica.com\\\/politica-de-cookies\\\/\",\"name\":\"Pol\u00edtica de Cookies - Can Casica\",\"isPartOf\":{\"@id\":\"https:\\\/\\\/cancasica.com\\\/#website\"},\"datePublished\":\"2024-11-10T23:00:05+00:00\",\"dateModified\":\"2024-11-10T23:00:31+00:00\",\"breadcrumb\":{\"@id\":\"https:\\\/\\\/cancasica.com\\\/politica-de-cookies\\\/#breadcrumb\"},\"inLanguage\":\"es\",\"potentialAction\":[{\"@type\":\"ReadAction\",\"target\":[\"https:\\\/\\\/cancasica.com\\\/politica-de-cookies\\\/\"]}]},{\"@type\":\"BreadcrumbList\",\"@id\":\"https:\\\/\\\/cancasica.com\\\/politica-de-cookies\\\/#breadcrumb\",\"itemListElement\":[{\"@type\":\"ListItem\",\"position\":1,\"name\":\"Portada\",\"item\":\"https:\\\/\\\/cancasica.com\\\/\"},{\"@type\":\"ListItem\",\"position\":2,\"name\":\"Pol\u00edtica de Cookies\"}]},{\"@type\":\"WebSite\",\"@id\":\"https:\\\/\\\/cancasica.com\\\/#website\",\"url\":\"https:\\\/\\\/cancasica.com\\\/\",\"name\":\"Can Casica\",\"description\":\"Comprar gossos i cadells\",\"publisher\":{\"@id\":\"https:\\\/\\\/cancasica.com\\\/#organization\"},\"potentialAction\":[{\"@type\":\"SearchAction\",\"target\":{\"@type\":\"EntryPoint\",\"urlTemplate\":\"https:\\\/\\\/cancasica.com\\\/?s={search_term_string}\"},\"query-input\":{\"@type\":\"PropertyValueSpecification\",\"valueRequired\":true,\"valueName\":\"search_term_string\"}}],\"inLanguage\":\"es\"},{\"@type\":\"Organization\",\"@id\":\"https:\\\/\\\/cancasica.com\\\/#organization\",\"name\":\"Can Casica\",\"url\":\"https:\\\/\\\/cancasica.com\\\/\",\"logo\":{\"@type\":\"ImageObject\",\"inLanguage\":\"es\",\"@id\":\"https:\\\/\\\/cancasica.com\\\/#\\\/schema\\\/logo\\\/image\\\/\",\"url\":\"https:\\\/\\\/cancasica.com\\\/wp-content\\\/uploads\\\/2024\\\/09\\\/logo-can-casica.webp\",\"contentUrl\":\"https:\\\/\\\/cancasica.com\\\/wp-content\\\/uploads\\\/2024\\\/09\\\/logo-can-casica.webp\",\"width\":512,\"height\":512,\"caption\":\"Can Casica\"},\"image\":{\"@id\":\"https:\\\/\\\/cancasica.com\\\/#\\\/schema\\\/logo\\\/image\\\/\"}}]}<\/script>\n<!-- \/ Yoast SEO plugin. -->","yoast_head_json":{"title":"Pol\u00edtica de Cookies - Can Casica","robots":{"index":"index","follow":"follow","max-snippet":"max-snippet:-1","max-image-preview":"max-image-preview:large","max-video-preview":"max-video-preview:-1"},"canonical":"https:\/\/cancasica.com\/es\/politica-de-cookies\/","og_locale":"es_ES","og_type":"article","og_title":"Pol\u00edtica de Cookies - Can Casica","og_description":"1. Qu\u00e8 s\u00f3n les cookies? Les cookies s\u00f3n petits fitxers que es guarden al dispositiu de l\u2019usuari i que permeten recon\u00e8ixer el seu navegador, emmagatzemar i recuperar informaci\u00f3 sobre els seus h\u00e0bits de navegaci\u00f3. 2. Tipus de cookies utilitzades Aquesta p\u00e0gina web utilitza: Cookies t\u00e8cniques: Necess\u00e0ries per al funcionament de la p\u00e0gina. Cookies d&#8217;an\u00e0lisi: Ens [&hellip;]","og_url":"https:\/\/cancasica.com\/es\/politica-de-cookies\/","og_site_name":"Can Casica","article_modified_time":"2024-11-10T23:00:31+00:00","twitter_card":"summary_large_image","twitter_misc":{"Tiempo de lectura":"1 minuto"},"schema":{"@context":"https:\/\/schema.org","@graph":[{"@type":"WebPage","@id":"https:\/\/cancasica.com\/politica-de-cookies\/","url":"https:\/\/cancasica.com\/politica-de-cookies\/","name":"Pol\u00edtica de Cookies - Can Casica","isPartOf":{"@id":"https:\/\/cancasica.com\/#website"},"datePublished":"2024-11-10T23:00:05+00:00","dateModified":"2024-11-10T23:00:31+00:00","breadcrumb":{"@id":"https:\/\/cancasica.com\/politica-de-cookies\/#breadcrumb"},"inLanguage":"es","potentialAction":[{"@type":"ReadAction","target":["https:\/\/cancasica.com\/politica-de-cookies\/"]}]},{"@type":"BreadcrumbList","@id":"https:\/\/cancasica.com\/politica-de-cookies\/#breadcrumb","itemListElement":[{"@type":"ListItem","position":1,"name":"Portada","item":"https:\/\/cancasica.com\/"},{"@type":"ListItem","position":2,"name":"Pol\u00edtica de Cookies"}]},{"@type":"WebSite","@id":"https:\/\/cancasica.com\/#website","url":"https:\/\/cancasica.com\/","name":"Can Casica","description":"Comprar perros y cachorros","publisher":{"@id":"https:\/\/cancasica.com\/#organization"},"potentialAction":[{"@type":"SearchAction","target":{"@type":"EntryPoint","urlTemplate":"https:\/\/cancasica.com\/?s={search_term_string}"},"query-input":{"@type":"PropertyValueSpecification","valueRequired":true,"valueName":"search_term_string"}}],"inLanguage":"es"},{"@type":"Organization","@id":"https:\/\/cancasica.com\/#organization","name":"Can Casica","url":"https:\/\/cancasica.com\/","logo":{"@type":"ImageObject","inLanguage":"es","@id":"https:\/\/cancasica.com\/#\/schema\/logo\/image\/","url":"https:\/\/cancasica.com\/wp-content\/uploads\/2024\/09\/logo-can-casica.webp","contentUrl":"https:\/\/cancasica.com\/wp-content\/uploads\/2024\/09\/logo-can-casica.webp","width":512,"height":512,"caption":"Can Casica"},"image":{"@id":"https:\/\/cancasica.com\/#\/schema\/logo\/image\/"}}]}},"_links":{"self":[{"href":"https:\/\/cancasica.com\/es\/wp-json\/wp\/v2\/pages\/747","targetHints":{"allow":["GET"]}}],"collection":[{"href":"https:\/\/cancasica.com\/es\/wp-json\/wp\/v2\/pages"}],"about":[{"href":"https:\/\/cancasica.com\/es\/wp-json\/wp\/v2\/types\/page"}],"author":[{"embeddable":true,"href":"https:\/\/cancasica.com\/es\/wp-json\/wp\/v2\/users\/2"}],"replies":[{"embeddable":true,"href":"https:\/\/cancasica.com\/es\/wp-json\/wp\/v2\/comments?post=747"}],"version-history":[{"count":4,"href":"https:\/\/cancasica.com\/es\/wp-json\/wp\/v2\/pages\/747\/revisions"}],"predecessor-version":[{"id":751,"href":"https:\/\/cancasica.com\/es\/wp-json\/wp\/v2\/pages\/747\/revisions\/751"}],"wp:attachment":[{"href":"https:\/\/cancasica.com\/es\/wp-json\/wp\/v2\/media?parent=747"}],"curies":[{"name":"wp","href":"https:\/\/api.w.org\/{rel}","templated":true}]}}